{"id":2,"date":"2025-05-15T12:53:19","date_gmt":"2025-05-15T12:53:19","guid":{"rendered":"http:\/\/terralab.online\/?page_id=2"},"modified":"2026-01-05T16:32:20","modified_gmt":"2026-01-05T16:32:20","slug":"pagina-ejemplo","status":"publish","type":"page","link":"https:\/\/terralab.online\/","title":{"rendered":"Home"},"content":{"rendered":"\n<p class=\"has-text-align-center has-text-color has-link-color has-neuehass-font-family has-large-font-size wp-elements-38b3bb8d88432a28b2dccc30e3e3c267\" style=\"color:#92ff5d\">NOTICIAS<\/p>\n\n\n<ul class=\"wp-block-latest-posts__list wp-block-latest-posts\"><li><div class=\"wp-block-latest-posts__featured-image aligncenter\"><a href=\"https:\/\/terralab.online\/index.php\/2026\/01\/05\/demo-ecosocial-rural-day\/\" aria-label=\"Demo Ecosocial Rural Day\"><img loading=\"lazy\" decoding=\"async\" width=\"1024\" height=\"576\" src=\"https:\/\/terralab.online\/wp-content\/uploads\/2026\/01\/Apaisado-1024x576.png\" class=\"attachment-large size-large wp-post-image\" alt=\"\" style=\"max-width:940px;max-height:788px;\" srcset=\"https:\/\/terralab.online\/wp-content\/uploads\/2026\/01\/Apaisado-1024x576.png 1024w, https:\/\/terralab.online\/wp-content\/uploads\/2026\/01\/Apaisado-300x169.png 300w, https:\/\/terralab.online\/wp-content\/uploads\/2026\/01\/Apaisado-768x432.png 768w, https:\/\/terralab.online\/wp-content\/uploads\/2026\/01\/Apaisado-1536x864.png 1536w, https:\/\/terralab.online\/wp-content\/uploads\/2026\/01\/Apaisado.png 1600w\" sizes=\"auto, (max-width: 1024px) 100vw, 1024px\" \/><\/a><\/div><a class=\"wp-block-latest-posts__post-title\" href=\"https:\/\/terralab.online\/index.php\/2026\/01\/05\/demo-ecosocial-rural-day\/\">Demo Ecosocial Rural Day<\/a><div class=\"wp-block-latest-posts__post-excerpt\">Un espacio para proyectos reales, territorio y conversaciones que importan El Demo Ecosocial Rural Day no es un evento al uso.No es una feria comercial, ni una competici\u00f3n de pitches, ni un escaparate de proyectos \u201cperfectos\u201d. Es un espacio de encuentro cuidado, pensado para poner proyectos reales en contacto con el territorio y activar conversaciones que tengan recorrido en el tiempo. Un lugar donde compartir lo que ya est\u00e1 pasando, contrastarlo con otros agentes del ecosistema y seguir construyendo de forma colectiva. \ud83d\udccd CaixaForum Valencia\ud83d\udd53 23\/01\/2026 -&gt; 16:00\u201320:00\ud83d\udccd Val\u00e8ncia \u00bfQu\u00e9 es TERRALab? TERRALab es un laboratorio de innovaci\u00f3n rural.Acompa\u00f1amos a&#8230; <a class=\"wp-block-latest-posts__read-more\" href=\"https:\/\/terralab.online\/index.php\/2026\/01\/05\/demo-ecosocial-rural-day\/\" rel=\"noopener noreferrer\">Lee m\u00e1s<span class=\"screen-reader-text\">: Demo Ecosocial Rural Day<\/span><\/a><\/div><\/li>\n<\/ul>\n\n\n<h2 class=\"wp-block-heading has-text-align-center has-text-color has-link-color has-neuehass-font-family wp-elements-1d8470546e08035f6cadfb73725e60b5\" style=\"color:#92ff5d\">\u00bfPor qu\u00e9 <strong>TERRALab<\/strong>?<\/h2>\n\n\n\n<p>Porque creemos en el potencial de nuestros pueblos, en las ideas que nacen pegadas a la tierra, en quienes deciden quedarse para transformar desde dentro.<\/p>\n\n\n\n<p><strong>TERRALab <\/strong>no es solo un programa de emprendimiento: es una comunidad rural en movimiento, un laboratorio de innovaci\u00f3n que impulsa el territorio, activa el talento local y fortalece el tejido econ\u00f3mico, apostando por un desarrollo real, sostenible y con ra\u00edces.<\/p>\n\n\n\n<p>Una comunidad rural viva, valiente y comprometida. Pensada para quienes quieren emprender sin irse, innovar sin renunciar a su identidad, y crecer sin perder el sentido.<\/p>\n\n\n\n<p>Este evento es solo el inicio de algo grande: una aventura colectiva, un punto de encuentro entre personas, instituciones, centros educativos y empresas para poner en valor el talento que ya est\u00e1 aqu\u00ed y construir un modelo de desarrollo rural justo, sostenible y con futuro.<\/p>\n\n\n\n<p class=\"has-text-color has-link-color wp-elements-8b53e78eaef9e3b725e18a5703c211b0\" style=\"color:#92ff5d\"><strong>Bienvenidx a TERRALab.<\/strong><\/p>\n\n\n\n<p><strong>Conecta. Colabora. Crece con sentido.<\/strong><\/p>\n\n\n\n<p class=\"has-text-color has-link-color wp-elements-76ea5b27a3ddf419493d6fb7062ccb79\" style=\"color:#92ff5d\"><strong>Ven, porque esto no es un curso m\u00e1s. Es el principio del cambio.<\/strong><\/p>\n\n\n\n<p class=\"has-text-color has-link-color wp-elements-7068536f93f5a3ec5a03a9a0dc98938d\" style=\"color:#92ff5d\"><strong>\u00a1Y te queremos dentro!<\/strong><\/p>\n\n\n\n<div style=\"height:100px\" aria-hidden=\"true\" class=\"wp-block-spacer\"><\/div>\n\n\n\n<h2 class=\"wp-block-heading has-neuehass-font-family\"><strong>\u00bfC\u00f3mo funciona TERRALab?<\/strong><\/h2>\n\n\n\n<div class=\"wp-block-columns alignwide is-layout-flex wp-container-core-columns-is-layout-28f84493 wp-block-columns-is-layout-flex\">\n<div class=\"wp-block-column is-layout-flow wp-block-column-is-layout-flow\">\n<hr class=\"wp-block-separator has-css-opacity is-style-wide\"\/>\n\n\n\n<h2 class=\"wp-block-heading has-neuehass-font-family\" id=\"1\" style=\"font-size:var(--wp--custom--typography--font-size--gigantic, clamp(2.75rem, 6vw, 3.25rem));font-style:normal;font-weight:400;line-height:0.5\">1<\/h2>\n\n\n\n<h2 class=\"wp-block-heading has-neuehass-1-font-family\" id=\"pigeon\" style=\"font-size:var(--wp--custom--typography--font-size--gigantic, clamp(2.75rem, 6vw, 3.25rem));font-style:normal;font-weight:700;line-height:0.5\">Descubre tu proyecto<\/h2>\n\n\n\n<p>No hace falta que llegues con una idea clara. En TERRALab te ayudamos a encontrarla.<br>Te conectar\u00e1s con tu territorio, con lo que sabes hacer, con lo que necesita tu pueblo.<br>Juntxs descubriremos una semilla que tenga sentido para ti y para tu comunidad.<\/p>\n\n\n\n<div class=\"wp-block-buttons is-layout-flex wp-block-buttons-is-layout-flex\"><\/div>\n\n\n\n<div style=\"height:16px\" aria-hidden=\"true\" class=\"wp-block-spacer\"><\/div>\n<\/div>\n\n\n\n<div class=\"wp-block-column is-layout-flow wp-block-column-is-layout-flow\">\n<hr class=\"wp-block-separator has-css-opacity is-style-wide\"\/>\n\n\n\n<h2 class=\"wp-block-heading has-neuehass-font-family\" id=\"1\" style=\"font-size:var(--wp--custom--typography--font-size--gigantic, clamp(2.75rem, 6vw, 3.25rem));font-style:normal;font-weight:400;line-height:0.5\">2<\/h2>\n\n\n\n<h2 class=\"wp-block-heading has-neuehass-1-font-family\" id=\"pigeon\" style=\"font-size:var(--wp--custom--typography--font-size--gigantic, clamp(2.75rem, 6vw, 3.25rem));font-style:normal;font-weight:700;line-height:0.5\">L\u00e1nzalo con apoyo real<\/h2>\n\n\n\n<p>No vas a estudiar emprendimiento, vas a <strong>emprender de verdad<\/strong>.<br>Con formaci\u00f3n pr\u00e1ctica, mentorxs que han pasado por lo mismo, y un fondo econ\u00f3mico que se <strong>te devuelve<\/strong> o incluso <strong>se multiplica si lanzas tu proyecto<\/strong>.<\/p>\n\n\n\n<div class=\"wp-block-buttons is-layout-flex wp-block-buttons-is-layout-flex\"><\/div>\n\n\n\n<div style=\"height:16px\" aria-hidden=\"true\" class=\"wp-block-spacer\"><\/div>\n<\/div>\n\n\n\n<div class=\"wp-block-column is-layout-flow wp-block-column-is-layout-flow\">\n<hr class=\"wp-block-separator has-css-opacity is-style-wide\"\/>\n\n\n\n<h2 class=\"wp-block-heading has-neuehass-font-family\" id=\"1\" style=\"font-size:var(--wp--custom--typography--font-size--gigantic, clamp(2.75rem, 6vw, 3.25rem));font-style:normal;font-weight:400;line-height:0.5\">3<\/h2>\n\n\n\n<h2 class=\"wp-block-heading has-neuehass-1-font-family\" id=\"pigeon\" style=\"font-size:var(--wp--custom--typography--font-size--gigantic, clamp(2.75rem, 6vw, 3.25rem));font-style:normal;font-weight:700;line-height:0.5\">Sigue creciendo en comunidad<\/h2>\n\n\n\n<p>TERRALab no se acaba al final del curso.<br>Formar\u00e1s parte de un <strong>c\u00edrculo activo de personas emprendedorxs<\/strong>, con v\u00ednculos reales y apoyo continuo.<br>Porque aqu\u00ed no solo se emprende: <strong>se crea comunidad<\/strong>, se comparten recursos y se camina juntxs.<\/p>\n\n\n\n<div class=\"wp-block-buttons is-layout-flex wp-block-buttons-is-layout-flex\"><\/div>\n\n\n\n<div style=\"height:16px\" aria-hidden=\"true\" class=\"wp-block-spacer\"><\/div>\n<\/div>\n<\/div>\n\n\n\n<p class=\"has-text-align-center has-text-color has-link-color has-x-large-font-size wp-elements-a3fdaab45331475a2a5c5964df142d59\" style=\"color:#92ff5d\"><strong>Tu proyecto no nace solo. Lo sembramos juntxs<\/strong><\/p>\n\n\n\n<figure class=\"wp-block-video\"><video height=\"720\" style=\"aspect-ratio: 1280 \/ 720;\" width=\"1280\" controls src=\"https:\/\/terralab.online\/wp-content\/uploads\/2025\/06\/video_2025-06-15_10-17-21.mp4\"><\/video><\/figure>\n\n\n\n<div style=\"height:49px\" aria-hidden=\"true\" class=\"wp-block-spacer\"><\/div>\n\n\n\n<div style=\"height:100px\" aria-hidden=\"true\" class=\"wp-block-spacer\"><\/div>\n\n\n\n<h2 class=\"wp-block-heading has-text-align-center has-text-color has-link-color has-neuehass-font-family wp-elements-094e5c2f89f04545086a08a580e360bc\" style=\"color:#92ff5d\"><strong>FAQ\u00b4s <\/strong><\/h2>\n\n\n\n<p class=\"has-text-align-center has-large-font-size\"><strong>\u00bfTienes dudas? Aqu\u00ed van las m\u00e1s comunes (y sinceras).<\/strong><\/p>\n\n\n\n<p class=\"has-text-align-center\">No hace falta tenerlo todo claro desde el principio. Pero estas respuestas te pueden ayudar a decidir si TERRALab es para ti (spoiler: probablemente s\u00ed).<\/p>\n\n\n\n<div style=\"height:38px\" aria-hidden=\"true\" class=\"wp-block-spacer\"><\/div>\n\n\n\n<h3 class=\"wp-block-heading has-neuehass-font-family\">\ud83c\udf3f \u00bfTengo que tener una idea de proyecto para entrar?<\/h3>\n\n\n\n<p><strong>No.<\/strong> Puedes venir con una idea, con muchas o con ninguna. Aqu\u00ed te ayudamos a descubrir qu\u00e9 tiene sentido para ti y para tu pueblo.<\/p>\n\n\n\n<hr class=\"wp-block-separator has-alpha-channel-opacity\"\/>\n\n\n\n<h3 class=\"wp-block-heading has-neuehass-font-family\">\ud83c\udf40 \u00bfNecesito experiencia previa?<\/h3>\n\n\n\n<p><strong>Para nada.<\/strong> No pedimos curr\u00edculum ni estudios. Solo compromiso, ganas de aprender y una mirada hacia tu territorio.<\/p>\n\n\n\n<hr class=\"wp-block-separator has-alpha-channel-opacity\"\/>\n\n\n\n<h3 class=\"wp-block-heading has-neuehass-font-family\">\ud83d\udfe2 \u00bfY si ya tengo un proyecto empezado?<\/h3>\n\n\n\n<p>\u00a1Genial! Podr\u00e1s desarrollarlo en el <strong>Laboratorio Personal<\/strong>, con acompa\u00f1amiento, herramientas y feedback. Saldr\u00e1s con un plan de acci\u00f3n listo para arrancar (o mejorar lo que ya haces).<\/p>\n\n\n\n<hr class=\"wp-block-separator has-alpha-channel-opacity\"\/>\n\n\n\n<h3 class=\"wp-block-heading has-neuehass-font-family\">\ud83c\udf3f \u00bfEsto es solo para mujeres?<\/h3>\n\n\n\n<p>No. Est\u00e1 abierto a todas las personas, aunque <strong>cuidamos mucho el enfoque inclusivo<\/strong> y damos espacio prioritario a:<\/p>\n\n\n\n<p>\u00b7 Mujeres rurales<br>\u00b7 J\u00f3venes<br>\u00b7 Mayores de 45<br>\u00b7 Colectivos poco visibilizados.<\/p>\n\n\n\n<hr class=\"wp-block-separator has-alpha-channel-opacity\"\/>\n\n\n\n<h3 class=\"wp-block-heading has-neuehass-font-family\">\ud83c\udf40 \u00bfEs presencial u online?<\/h3>\n\n\n\n<p>Principalmente <strong>presencial<\/strong>. Queremos que conectes con el territorio, con las personas y con tu idea de verdad. Pero contar\u00e1s con apoyo digital para no perderte nada.<\/p>\n\n\n\n<hr class=\"wp-block-separator has-alpha-channel-opacity\"\/>\n\n\n\n<h3 class=\"wp-block-heading has-neuehass-font-family\">\ud83d\udfe2 \u00bfCu\u00e1nto dura el programa?<\/h3>\n\n\n\n<p>Unas semanas intensas, con d\u00edas de formaci\u00f3n y otros de acci\u00f3n. Te diremos pronto las fechas exactas. Pero que sepas: <strong>esto empieza, pero no termina.<\/strong> Porque el c\u00edrculo sigue despu\u00e9s.<\/p>\n\n\n\n<hr class=\"wp-block-separator has-alpha-channel-opacity\"\/>\n\n\n\n<h3 class=\"wp-block-heading has-neuehass-font-family\">\ud83c\udf3f \u00bfQu\u00e9 pasa cuando acaba?<\/h3>\n\n\n\n<p>No te soltamos de la mano.<br>Pasas a formar parte de un <strong>c\u00edrculo de personas que siguen emprendiendo, compartiendo recursos y apoyo real<\/strong>. TERRALab no se acaba en la clausura.<\/p>\n\n\n\n<hr class=\"wp-block-separator has-alpha-channel-opacity\"\/>\n\n\n\n<h3 class=\"wp-block-heading has-neuehass-font-family\">\ud83c\udf40 Viva donde viva, \u00bfpuedo participar?<\/h3>\n\n\n\n<p><strong>S\u00ed.<\/strong> En 2025, TERRALab se celebrar\u00e1 en diferentes pueblos de la <strong>Comunidad Valenciana<\/strong>, seg\u00fan d\u00f3nde se formen los grupos.<br>No importa si vives en una ciudad, una aldea o una comarca peque\u00f1a: <strong>si hay inter\u00e9s, lo llevamos cerca de ti<\/strong>.<\/p>\n\n\n\n<blockquote class=\"wp-block-quote is-layout-flow wp-block-quote-is-layout-flow\">\n<p> <em>Estamos sembrando futuro en m\u00e1s lugares. El tuyo puede ser el siguiente.<\/em><\/p>\n<\/blockquote>\n\n\n\n<p><\/p>\n\n\n\n<div style=\"height:56px\" aria-hidden=\"true\" class=\"wp-block-spacer\"><\/div>\n\n\n\n<h2 class=\"wp-block-heading has-text-align-center has-text-color has-link-color has-neuehass-font-family wp-elements-ff68243a7ebddbe6ba8acd8270830965\" style=\"color:#92ff5d;font-style:normal;font-weight:700;letter-spacing:10px\">\u00a1ME APUNTO!<\/h2>\n\n\n\n<div class=\"wp-block-columns is-layout-flex wp-container-core-columns-is-layout-28f84493 wp-block-columns-is-layout-flex\">\n<div class=\"wp-block-column is-layout-flow wp-block-column-is-layout-flow\" style=\"flex-basis:35%\"><\/div>\n\n\n\n<div class=\"wp-block-column is-layout-flow wp-block-column-is-layout-flow\" style=\"flex-basis:50%\"><style id=\"wpforms-css-vars-25-block-2fcc3456-a0b9-4208-9e82-c5f9cf76f964\">\n\t\t\t\t#wpforms-25.wpforms-block-2fcc3456-a0b9-4208-9e82-c5f9cf76f964 {\n\t\t\t\t--wpforms-label-color: #ffffff;\n--wpforms-label-sublabel-color: #ffffff;\n--wpforms-field-text-color: #ffffff;\n--wpforms-field-size-input-height: 43px;\n--wpforms-field-size-input-spacing: 15px;\n--wpforms-field-size-font-size: 16px;\n--wpforms-field-size-line-height: 19px;\n--wpforms-field-size-padding-h: 14px;\n--wpforms-field-size-checkbox-size: 16px;\n--wpforms-field-size-sublabel-spacing: 5px;\n--wpforms-field-size-icon-size: 1;\n--wpforms-label-size-font-size: 16px;\n--wpforms-label-size-line-height: 19px;\n--wpforms-label-size-sublabel-font-size: 14px;\n--wpforms-label-size-sublabel-line-height: 17px;\n--wpforms-button-size-font-size: 17px;\n--wpforms-button-size-height: 41px;\n--wpforms-button-size-padding-h: 15px;\n--wpforms-button-size-margin-top: 10px;\n--wpforms-container-shadow-size-box-shadow: none;\n\t\t\t}\n\t\t\t<\/style><div class=\"wpforms-container wpforms-container-full wpforms-block wpforms-block-2fcc3456-a0b9-4208-9e82-c5f9cf76f964 home-form wpforms-render-modern\" id=\"wpforms-25\"><form id=\"wpforms-form-25\" class=\"wpforms-validate wpforms-form wpforms-ajax-form\" data-formid=\"25\" method=\"post\" enctype=\"multipart\/form-data\" action=\"\/index.php\/wp-json\/wp\/v2\/pages\/2\" data-token=\"72c3f28a3efbff84ec16217e2b5acc87\" data-token-time=\"1776153727\"><noscript class=\"wpforms-error-noscript\">Por favor, activa JavaScript en tu navegador para completar este formulario.<\/noscript><div id=\"wpforms-error-noscript\" style=\"display: none;\">Por favor, activa JavaScript en tu navegador para completar este formulario.<\/div><div class=\"wpforms-field-container\"><div id=\"wpforms-25-field_1-container\" class=\"wpforms-field wpforms-field-name\" data-field-id=\"1\"><fieldset><legend class=\"wpforms-field-label\">Nombre <span class=\"wpforms-required-label\" aria-hidden=\"true\">*<\/span><\/legend><div class=\"wpforms-field-row wpforms-field-medium\"><div class=\"wpforms-field-row-block wpforms-first wpforms-one-half\"><input type=\"text\" id=\"wpforms-25-field_1\" class=\"wpforms-field-name-first wpforms-field-required\" name=\"wpforms[fields][1][first]\" aria-errormessage=\"wpforms-25-field_1-error\" required><label for=\"wpforms-25-field_1\" class=\"wpforms-field-sublabel after\">Nombre<\/label><\/div><div class=\"wpforms-field-row-block wpforms-one-half\"><input type=\"text\" id=\"wpforms-25-field_1-last\" class=\"wpforms-field-name-last wpforms-field-required\" name=\"wpforms[fields][1][last]\" aria-errormessage=\"wpforms-25-field_1-last-error\" required><label for=\"wpforms-25-field_1-last\" class=\"wpforms-field-sublabel after\">Apellidos<\/label><\/div><\/div><\/fieldset><\/div><div id=\"wpforms-25-field_5-container\" class=\"wpforms-field wpforms-field-checkbox wpforms-list-inline\" data-field-id=\"5\"><fieldset><legend class=\"wpforms-field-label\">Tengo&#8230; <span class=\"wpforms-required-label\" aria-hidden=\"true\">*<\/span><\/legend><ul id=\"wpforms-25-field_5\" class=\"wpforms-field-required\" data-choice-limit=\"1\"><li class=\"choice-1 depth-1\"><input type=\"checkbox\" id=\"wpforms-25-field_5_1\" data-rule-check-limit=\"true\" name=\"wpforms[fields][5][]\" value=\"Entre 16 y 29 a\u00f1os\" aria-errormessage=\"wpforms-25-field_5_1-error\" required ><label class=\"wpforms-field-label-inline\" for=\"wpforms-25-field_5_1\">Entre 16 y 29 a\u00f1os<\/label><\/li><li class=\"choice-2 depth-1\"><input type=\"checkbox\" id=\"wpforms-25-field_5_2\" data-rule-check-limit=\"true\" name=\"wpforms[fields][5][]\" value=\"+ 30\" aria-errormessage=\"wpforms-25-field_5_2-error\" required ><label class=\"wpforms-field-label-inline\" for=\"wpforms-25-field_5_2\">+ 30<\/label><\/li><\/ul><\/fieldset><\/div>\t\t<div id=\"wpforms-25-field_3-container\"\n\t\t\tclass=\"wpforms-field wpforms-field-text\"\n\t\t\tdata-field-type=\"text\"\n\t\t\tdata-field-id=\"3\"\n\t\t\t>\n\t\t\t<label class=\"wpforms-field-label\" for=\"wpforms-25-field_3\" >de Nombre Tengo&#8230;<\/label>\n\t\t\t<input type=\"text\" id=\"wpforms-25-field_3\" class=\"wpforms-field-medium\" name=\"wpforms[fields][3]\" >\n\t\t<\/div>\n\t\t<div id=\"wpforms-25-field_2-container\" class=\"wpforms-field wpforms-field-email\" data-field-id=\"2\"><label class=\"wpforms-field-label\" for=\"wpforms-25-field_2\">Correo electr\u00f3nico <span class=\"wpforms-required-label\" aria-hidden=\"true\">*<\/span><\/label><input type=\"email\" id=\"wpforms-25-field_2\" class=\"wpforms-field-medium wpforms-field-required\" name=\"wpforms[fields][2]\" spellcheck=\"false\" aria-errormessage=\"wpforms-25-field_2-error\" required><\/div><div id=\"wpforms-25-field_4-container\" class=\"wpforms-field wpforms-field-number\" data-field-id=\"4\"><label class=\"wpforms-field-label\" for=\"wpforms-25-field_4\">Tel\u00e9fono de contacto <span class=\"wpforms-required-label\" aria-hidden=\"true\">*<\/span><\/label><input type=\"number\" id=\"wpforms-25-field_4\" class=\"wpforms-field-medium wpforms-field-required\" name=\"wpforms[fields][4]\" step=\"any\" aria-errormessage=\"wpforms-25-field_4-error\" required><\/div><script>\n\t\t\t\t( function() {\n\t\t\t\t\tconst style = document.createElement( 'style' );\n\t\t\t\t\tstyle.appendChild( document.createTextNode( '#wpforms-25-field_3-container { position: absolute !important; overflow: hidden !important; display: inline !important; height: 1px !important; width: 1px !important; z-index: -1000 !important; padding: 0 !important; } #wpforms-25-field_3-container input { visibility: hidden; } #wpforms-conversational-form-page #wpforms-25-field_3-container label { counter-increment: none; }' ) );\n\t\t\t\t\tdocument.head.appendChild( style );\n\t\t\t\t\tdocument.currentScript?.remove();\n\t\t\t\t} )();\n\t\t\t<\/script><\/div><!-- .wpforms-field-container --><div class=\"wpforms-submit-container\" ><input type=\"hidden\" name=\"wpforms[id]\" value=\"25\"><input type=\"hidden\" name=\"page_title\" value=\"\"><input type=\"hidden\" name=\"page_url\" value=\"https:\/\/terralab.online\/index.php\/wp-json\/wp\/v2\/pages\/2\"><input type=\"hidden\" name=\"url_referer\" value=\"\"><button type=\"submit\" name=\"wpforms[submit]\" id=\"wpforms-submit-25\" class=\"wpforms-submit send-button\" data-alt-text=\"Enviando...\" data-submit-text=\"Enviar\" aria-live=\"assertive\" value=\"wpforms-submit\">Enviar<\/button><img loading=\"lazy\" decoding=\"async\" src=\"https:\/\/terralab.online\/wp-content\/plugins\/wpforms\/assets\/images\/submit-spin.svg\" class=\"wpforms-submit-spinner\" style=\"display: none;\" width=\"26\" height=\"26\" alt=\"Cargando\"><\/div><\/form><\/div>  <!-- .wpforms-container --><\/div>\n\n\n\n<div class=\"wp-block-column is-layout-flow wp-block-column-is-layout-flow\" style=\"flex-basis:15%\"><\/div>\n<\/div>\n\n\n\n<div style=\"height:55px\" aria-hidden=\"true\" class=\"wp-block-spacer\"><\/div>\n","protected":false},"excerpt":{"rendered":"<p>NOTICIAS \u00bfPor qu\u00e9 TERRALab? Porque creemos en el potencial de nuestros pueblos, en las ideas que nacen pegadas a la tierra, en quienes deciden quedarse para transformar desde dentro. TERRALab [&hellip;]<\/p>\n","protected":false},"author":1,"featured_media":0,"parent":0,"menu_order":0,"comment_status":"closed","ping_status":"open","template":"page-large-header","meta":{"_EventAllDay":false,"_EventTimezone":"","_EventStartDate":"","_EventEndDate":"","_EventStartDateUTC":"","_EventEndDateUTC":"","_EventShowMap":false,"_EventShowMapLink":false,"_EventURL":"","_EventCost":"","_EventCostDescription":"","_EventCurrencySymbol":"","_EventCurrencyCode":"","_EventCurrencyPosition":"","_EventDateTimeSeparator":"","_EventTimeRangeSeparator":"","_EventOrganizerID":[],"_EventVenueID":[],"_OrganizerEmail":"","_OrganizerPhone":"","_OrganizerWebsite":"","_VenueAddress":"","_VenueCity":"","_VenueCountry":"","_VenueProvince":"","_VenueState":"","_VenueZip":"","_VenuePhone":"","_VenueURL":"","_VenueStateProvince":"","_VenueLat":"","_VenueLng":"","_VenueShowMap":false,"_VenueShowMapLink":false,"footnotes":""},"class_list":["post-2","page","type-page","status-publish","hentry"],"_links":{"self":[{"href":"https:\/\/terralab.online\/index.php\/wp-json\/wp\/v2\/pages\/2","targetHints":{"allow":["GET"]}}],"collection":[{"href":"https:\/\/terralab.online\/index.php\/wp-json\/wp\/v2\/pages"}],"about":[{"href":"https:\/\/terralab.online\/index.php\/wp-json\/wp\/v2\/types\/page"}],"author":[{"embeddable":true,"href":"https:\/\/terralab.online\/index.php\/wp-json\/wp\/v2\/users\/1"}],"replies":[{"embeddable":true,"href":"https:\/\/terralab.online\/index.php\/wp-json\/wp\/v2\/comments?post=2"}],"version-history":[{"count":30,"href":"https:\/\/terralab.online\/index.php\/wp-json\/wp\/v2\/pages\/2\/revisions"}],"predecessor-version":[{"id":385,"href":"https:\/\/terralab.online\/index.php\/wp-json\/wp\/v2\/pages\/2\/revisions\/385"}],"wp:attachment":[{"href":"https:\/\/terralab.online\/index.php\/wp-json\/wp\/v2\/media?parent=2"}],"curies":[{"name":"wp","href":"https:\/\/api.w.org\/{rel}","templated":true}]}}