{"id":201,"date":"2025-09-04T12:57:32","date_gmt":"2025-09-04T12:57:32","guid":{"rendered":"https:\/\/terralab.online\/?page_id=201"},"modified":"2025-09-06T09:23:13","modified_gmt":"2025-09-06T09:23:13","slug":"contratacion","status":"publish","type":"page","link":"https:\/\/terralab.online\/index.php\/contratacion\/","title":{"rendered":"contratacion"},"content":{"rendered":"\n<h2 class=\"wp-block-heading has-text-align-center\">Contrataci\u00f3n<\/h2>\n\n\n\n<p><strong>TERRALab<\/strong> es un proyecto de la <strong>Asociaci\u00f3n por el Emprendimiento y el Liderazgo Femenino Nosotras Valencia<\/strong> cofinanciado por <strong>FSE+ , Fundaci\u00f3n INCYDE y Conselleria de Innovaci\u00f3n, Industria, Comercio y Turismo de la Generalitat Valenciana<\/strong>.<\/p>\n\n\n\n<p>Puedes consultar la p\u00e1gina de transparencia <strong><a href=\"https:\/\/nosotras.info\/index.php\/transparencia\/\" data-type=\"link\" data-id=\"https:\/\/nosotras.info\/index.php\/transparencia\/\" target=\"_blank\" rel=\"noreferrer noopener\">AQU\u00cd <\/a><\/strong>&#8211; <a href=\"https:\/\/nosotras.info\/index.php\/transparencia\/\">https:\/\/nosotras.info\/index.php\/transparencia\/<\/a><\/p>\n\n\n\n<p>Puedes consultar el espacio de contrataci\u00f3n <strong><a href=\"https:\/\/nosotras.info\/index.php\/contratacion\/\" data-type=\"link\" data-id=\"https:\/\/nosotras.info\/index.php\/contratacion\/\" target=\"_blank\" rel=\"noreferrer noopener\">AQU\u00cd<\/a><\/strong> &#8211; <a href=\"https:\/\/nosotras.info\/index.php\/contratacion\/\">https:\/\/nosotras.info\/index.php\/contratacion\/<\/a><\/p>\n\n\n\n<div style=\"height:100px\" aria-hidden=\"true\" class=\"wp-block-spacer\"><\/div>\n","protected":false},"excerpt":{"rendered":"<p>Contrataci\u00f3n TERRALab es un proyecto de la Asociaci\u00f3n por el Emprendimiento y el Liderazgo Femenino Nosotras Valencia cofinanciado por FSE+ , Fundaci\u00f3n INCYDE y Conselleria de Innovaci\u00f3n, Industria, Comercio y [&hellip;]<\/p>\n","protected":false},"author":1,"featured_media":204,"parent":0,"menu_order":0,"comment_status":"closed","ping_status":"closed","template":"","meta":{"_EventAllDay":false,"_EventTimezone":"","_EventStartDate":"","_EventEndDate":"","_EventStartDateUTC":"","_EventEndDateUTC":"","_EventShowMap":false,"_EventShowMapLink":false,"_EventURL":"","_EventCost":"","_EventCostDescription":"","_EventCurrencySymbol":"","_EventCurrencyCode":"","_EventCurrencyPosition":"","_EventDateTimeSeparator":"","_EventTimeRangeSeparator":"","_EventOrganizerID":[],"_EventVenueID":[],"_OrganizerEmail":"","_OrganizerPhone":"","_OrganizerWebsite":"","_VenueAddress":"","_VenueCity":"","_VenueCountry":"","_VenueProvince":"","_VenueState":"","_VenueZip":"","_VenuePhone":"","_VenueURL":"","_VenueStateProvince":"","_VenueLat":"","_VenueLng":"","_VenueShowMap":false,"_VenueShowMapLink":false,"footnotes":""},"class_list":["post-201","page","type-page","status-publish","has-post-thumbnail","hentry"],"_links":{"self":[{"href":"https:\/\/terralab.online\/index.php\/wp-json\/wp\/v2\/pages\/201","targetHints":{"allow":["GET"]}}],"collection":[{"href":"https:\/\/terralab.online\/index.php\/wp-json\/wp\/v2\/pages"}],"about":[{"href":"https:\/\/terralab.online\/index.php\/wp-json\/wp\/v2\/types\/page"}],"author":[{"embeddable":true,"href":"https:\/\/terralab.online\/index.php\/wp-json\/wp\/v2\/users\/1"}],"replies":[{"embeddable":true,"href":"https:\/\/terralab.online\/index.php\/wp-json\/wp\/v2\/comments?post=201"}],"version-history":[{"count":3,"href":"https:\/\/terralab.online\/index.php\/wp-json\/wp\/v2\/pages\/201\/revisions"}],"predecessor-version":[{"id":215,"href":"https:\/\/terralab.online\/index.php\/wp-json\/wp\/v2\/pages\/201\/revisions\/215"}],"wp:featuredmedia":[{"embeddable":true,"href":"https:\/\/terralab.online\/index.php\/wp-json\/wp\/v2\/media\/204"}],"wp:attachment":[{"href":"https:\/\/terralab.online\/index.php\/wp-json\/wp\/v2\/media?parent=201"}],"curies":[{"name":"wp","href":"https:\/\/api.w.org\/{rel}","templated":true}]}}