{"id":304,"date":"2025-10-17T09:42:05","date_gmt":"2025-10-17T09:42:05","guid":{"rendered":"https:\/\/terralab.online\/?page_id=304"},"modified":"2025-10-21T15:44:02","modified_gmt":"2025-10-21T15:44:02","slug":"universidad","status":"publish","type":"page","link":"https:\/\/terralab.online\/index.php\/universidad\/","title":{"rendered":"Universidad"},"content":{"rendered":"\n<p><strong>Impulsa tu carrera con TERRALab.<\/strong><br>Programa pr\u00e1ctico para universitarios y alumni que quieren ganar experiencia, orientar su perfil y conectar con el ecosistema del territorio.<\/p>\n\n\n\n<p><strong>Qu\u00e9 te llevas<\/strong><\/p>\n\n\n\n<ul class=\"wp-block-list\">\n<li>Formaci\u00f3n aplicada en emprendimiento y desarrollo local.<\/li>\n\n\n\n<li>Mentor\u00eda y orientaci\u00f3n profesional.<\/li>\n\n\n\n<li>Acceso al <strong>Observatorio TERRALab<\/strong> (empleo, sectores y tendencias).<\/li>\n\n\n\n<li>Red de contactos con administraciones y empresas.<\/li>\n<\/ul>\n\n\n\n<p><strong>A qui\u00e9n va dirigido<\/strong><br>Grados y m\u00e1steres de cualquier \u00e1rea con inter\u00e9s en emprendimiento, econom\u00eda social, datos\/BI, turismo, trabajo\/educaci\u00f3n social, comunicaci\u00f3n, etc. Alumni bienvenidos.<\/p>\n\n\n\n<p><strong>C\u00f3mo funciona<\/strong><br>Sesiones formativas + mentor\u00eda + uso de datos del Observatorio, con acompa\u00f1amiento del equipo TERRALab.<\/p>\n\n\n\n<p><strong>Duraci\u00f3n y dedicaci\u00f3n<\/strong><br>Formato flexible y compatible con tus estudios.<\/p>\n\n\n\n<p><strong>Inscr\u00edbete<\/strong><br>Completa el formulario y te contactamos con los pr\u00f3ximos pasos.<\/p>\n\n\n<style id=\"wpforms-css-vars-307-block-92e7f032-2504-495c-8ef7-317e86557289\">\n\t\t\t\t#wpforms-307.wpforms-block-92e7f032-2504-495c-8ef7-317e86557289 {\n\t\t\t\t--wpforms-label-color: #ffffff;\n--wpforms-label-sublabel-color: #ffffff;\n--wpforms-field-text-color: #ffffff;\n--wpforms-field-size-input-height: 43px;\n--wpforms-field-size-input-spacing: 15px;\n--wpforms-field-size-font-size: 16px;\n--wpforms-field-size-line-height: 19px;\n--wpforms-field-size-padding-h: 14px;\n--wpforms-field-size-checkbox-size: 16px;\n--wpforms-field-size-sublabel-spacing: 5px;\n--wpforms-field-size-icon-size: 1;\n--wpforms-label-size-font-size: 16px;\n--wpforms-label-size-line-height: 19px;\n--wpforms-label-size-sublabel-font-size: 14px;\n--wpforms-label-size-sublabel-line-height: 17px;\n--wpforms-button-size-font-size: 17px;\n--wpforms-button-size-height: 41px;\n--wpforms-button-size-padding-h: 15px;\n--wpforms-button-size-margin-top: 10px;\n--wpforms-container-shadow-size-box-shadow: none;\n\t\t\t}\n\t\t\t<\/style><div class=\"wpforms-container wpforms-container-full wpforms-block wpforms-block-92e7f032-2504-495c-8ef7-317e86557289 home-form wpforms-render-modern\" id=\"wpforms-307\"><form id=\"wpforms-form-307\" class=\"wpforms-validate wpforms-form wpforms-ajax-form\" data-formid=\"307\" method=\"post\" enctype=\"multipart\/form-data\" action=\"\/index.php\/wp-json\/wp\/v2\/pages\/304\" data-token=\"20280b5316bef214ffa858ab8dfff1ec\" data-token-time=\"1776208137\"><noscript class=\"wpforms-error-noscript\">Por favor, activa JavaScript en tu navegador para completar este formulario.<\/noscript><div id=\"wpforms-error-noscript\" style=\"display: none;\">Por favor, activa JavaScript en tu navegador para completar este formulario.<\/div><div class=\"wpforms-field-container\"><div id=\"wpforms-307-field_1-container\" class=\"wpforms-field wpforms-field-name\" data-field-id=\"1\"><fieldset><legend class=\"wpforms-field-label\">Nombre <span class=\"wpforms-required-label\" aria-hidden=\"true\">*<\/span><\/legend><div class=\"wpforms-field-row wpforms-field-medium\"><div class=\"wpforms-field-row-block wpforms-first wpforms-one-half\"><input type=\"text\" id=\"wpforms-307-field_1\" class=\"wpforms-field-name-first wpforms-field-required\" name=\"wpforms[fields][1][first]\" aria-errormessage=\"wpforms-307-field_1-error\" required><label for=\"wpforms-307-field_1\" class=\"wpforms-field-sublabel after\">Nombre<\/label><\/div><div class=\"wpforms-field-row-block wpforms-one-half\"><input type=\"text\" id=\"wpforms-307-field_1-last\" class=\"wpforms-field-name-last wpforms-field-required\" name=\"wpforms[fields][1][last]\" aria-errormessage=\"wpforms-307-field_1-last-error\" required><label for=\"wpforms-307-field_1-last\" class=\"wpforms-field-sublabel after\">Apellidos<\/label><\/div><\/div><\/fieldset><\/div><div id=\"wpforms-307-field_2-container\" class=\"wpforms-field wpforms-field-email\" data-field-id=\"2\"><label class=\"wpforms-field-label\" for=\"wpforms-307-field_2\">Correo electr\u00f3nico <span class=\"wpforms-required-label\" aria-hidden=\"true\">*<\/span><\/label><input type=\"email\" id=\"wpforms-307-field_2\" class=\"wpforms-field-medium wpforms-field-required\" name=\"wpforms[fields][2]\" spellcheck=\"false\" aria-errormessage=\"wpforms-307-field_2-error\" required><\/div><div id=\"wpforms-307-field_5-container\" class=\"wpforms-field wpforms-field-text\" data-field-id=\"5\"><label class=\"wpforms-field-label\" for=\"wpforms-307-field_5\">Universidad<\/label><input type=\"text\" id=\"wpforms-307-field_5\" class=\"wpforms-field-medium\" name=\"wpforms[fields][5]\" aria-errormessage=\"wpforms-307-field_5-error\" ><\/div>\t\t<div id=\"wpforms-307-field_3-container\"\n\t\t\tclass=\"wpforms-field wpforms-field-text\"\n\t\t\tdata-field-type=\"text\"\n\t\t\tdata-field-id=\"3\"\n\t\t\t>\n\t\t\t<label class=\"wpforms-field-label\" for=\"wpforms-307-field_3\" >contacto electr\u00f3nico Nombre<\/label>\n\t\t\t<input type=\"text\" id=\"wpforms-307-field_3\" class=\"wpforms-field-medium\" name=\"wpforms[fields][3]\" >\n\t\t<\/div>\n\t\t<div id=\"wpforms-307-field_4-container\" class=\"wpforms-field wpforms-field-number\" data-field-id=\"4\"><label class=\"wpforms-field-label\" for=\"wpforms-307-field_4\">Tel\u00e9fono de contacto <span class=\"wpforms-required-label\" aria-hidden=\"true\">*<\/span><\/label><input type=\"number\" id=\"wpforms-307-field_4\" class=\"wpforms-field-medium wpforms-field-required\" name=\"wpforms[fields][4]\" step=\"any\" aria-errormessage=\"wpforms-307-field_4-error\" required><\/div><script>\n\t\t\t\t( function() {\n\t\t\t\t\tconst style = document.createElement( 'style' );\n\t\t\t\t\tstyle.appendChild( document.createTextNode( '#wpforms-307-field_3-container { position: absolute !important; overflow: hidden !important; display: inline !important; height: 1px !important; width: 1px !important; z-index: -1000 !important; padding: 0 !important; } #wpforms-307-field_3-container input { visibility: hidden; } #wpforms-conversational-form-page #wpforms-307-field_3-container label { counter-increment: none; }' ) );\n\t\t\t\t\tdocument.head.appendChild( style );\n\t\t\t\t\tdocument.currentScript?.remove();\n\t\t\t\t} )();\n\t\t\t<\/script><\/div><!-- .wpforms-field-container --><div class=\"wpforms-submit-container\" ><input type=\"hidden\" name=\"wpforms[id]\" value=\"307\"><input type=\"hidden\" name=\"page_title\" value=\"\"><input type=\"hidden\" name=\"page_url\" value=\"https:\/\/terralab.online\/index.php\/wp-json\/wp\/v2\/pages\/304\"><input type=\"hidden\" name=\"url_referer\" value=\"\"><button type=\"submit\" name=\"wpforms[submit]\" id=\"wpforms-submit-307\" class=\"wpforms-submit send-button\" data-alt-text=\"Enviando...\" data-submit-text=\"Enviar\" aria-live=\"assertive\" value=\"wpforms-submit\">Enviar<\/button><img loading=\"lazy\" decoding=\"async\" src=\"https:\/\/terralab.online\/wp-content\/plugins\/wpforms\/assets\/images\/submit-spin.svg\" class=\"wpforms-submit-spinner\" style=\"display: none;\" width=\"26\" height=\"26\" alt=\"Cargando\"><\/div><\/form><\/div>  <!-- .wpforms-container -->","protected":false},"excerpt":{"rendered":"<p>Impulsa tu carrera con TERRALab.Programa pr\u00e1ctico para universitarios y alumni que quieren ganar experiencia, orientar su perfil y conectar con el ecosistema del territorio. Qu\u00e9 te llevas A qui\u00e9n va [&hellip;]<\/p>\n","protected":false},"author":1,"featured_media":305,"parent":0,"menu_order":0,"comment_status":"closed","ping_status":"closed","template":"","meta":{"_EventAllDay":false,"_EventTimezone":"","_EventStartDate":"","_EventEndDate":"","_EventStartDateUTC":"","_EventEndDateUTC":"","_EventShowMap":false,"_EventShowMapLink":false,"_EventURL":"","_EventCost":"","_EventCostDescription":"","_EventCurrencySymbol":"","_EventCurrencyCode":"","_EventCurrencyPosition":"","_EventDateTimeSeparator":"","_EventTimeRangeSeparator":"","_EventOrganizerID":[],"_EventVenueID":[],"_OrganizerEmail":"","_OrganizerPhone":"","_OrganizerWebsite":"","_VenueAddress":"","_VenueCity":"","_VenueCountry":"","_VenueProvince":"","_VenueState":"","_VenueZip":"","_VenuePhone":"","_VenueURL":"","_VenueStateProvince":"","_VenueLat":"","_VenueLng":"","_VenueShowMap":false,"_VenueShowMapLink":false,"footnotes":""},"class_list":["post-304","page","type-page","status-publish","has-post-thumbnail","hentry"],"_links":{"self":[{"href":"https:\/\/terralab.online\/index.php\/wp-json\/wp\/v2\/pages\/304","targetHints":{"allow":["GET"]}}],"collection":[{"href":"https:\/\/terralab.online\/index.php\/wp-json\/wp\/v2\/pages"}],"about":[{"href":"https:\/\/terralab.online\/index.php\/wp-json\/wp\/v2\/types\/page"}],"author":[{"embeddable":true,"href":"https:\/\/terralab.online\/index.php\/wp-json\/wp\/v2\/users\/1"}],"replies":[{"embeddable":true,"href":"https:\/\/terralab.online\/index.php\/wp-json\/wp\/v2\/comments?post=304"}],"version-history":[{"count":5,"href":"https:\/\/terralab.online\/index.php\/wp-json\/wp\/v2\/pages\/304\/revisions"}],"predecessor-version":[{"id":313,"href":"https:\/\/terralab.online\/index.php\/wp-json\/wp\/v2\/pages\/304\/revisions\/313"}],"wp:featuredmedia":[{"embeddable":true,"href":"https:\/\/terralab.online\/index.php\/wp-json\/wp\/v2\/media\/305"}],"wp:attachment":[{"href":"https:\/\/terralab.online\/index.php\/wp-json\/wp\/v2\/media?parent=304"}],"curies":[{"name":"wp","href":"https:\/\/api.w.org\/{rel}","templated":true}]}}